{"id":2,"date":"2021-07-03T16:00:17","date_gmt":"2021-07-03T14:00:17","guid":{"rendered":"http:\/\/www.romain-claron.fr\/?page_id=2"},"modified":"2022-10-18T10:20:39","modified_gmt":"2022-10-18T08:20:39","slug":"a-propos","status":"publish","type":"page","link":"https:\/\/www.romain-claron.fr\/index.php\/a-propos\/","title":{"rendered":"A PROPOS"},"content":{"rendered":"<p>[vc_row][vc_column width=&#8221;1\/3&#8243;][vc_column_text]<\/p>\n<h2 style=\"text-align: left;\">A PROPOS<br \/>\n<img class=\"alignnone wp-image-85016\" src=\"http:\/\/www.romain-claron.fr\/wp-content\/uploads\/2021\/07\/trait.jpg\" alt=\"\" width=\"34\" height=\"4\" srcset=\"https:\/\/www.romain-claron.fr\/wp-content\/uploads\/2021\/07\/trait.jpg 160w, https:\/\/www.romain-claron.fr\/wp-content\/uploads\/2021\/07\/trait-150x19.jpg 150w\" sizes=\"(max-width: 34px) 100vw, 34px\" \/><\/h2>\n<p>[\/vc_column_text][\/vc_column][vc_column width=&#8221;2\/3&#8243;][vc_column_text]Tout au long de l\u2019ann\u00e9e, notre \u00e9quipe commerciale, pr\u00e9sente dans nos locaux en p\u00e9riph\u00e9rie de Lyon, propose des collections adapt\u00e9es \u00e0 votre client\u00e8le.<br \/>\nNous organisons \u00e9galement des showrooms itin\u00e9rants sur les r\u00e9gions Rh\u00f4ne-Alpes et Sud-Est : Clermont-Ferrand, Annecy, Aix en Provence, Avignon et Montpellier.<\/p>\n<h3><span style=\"color: #000000;\">Le Showroom R.Claron propose plusieurs gammes<\/span>:<\/h3>\n<p>\u2013 <strong><mark>Trench and Coat<\/mark><\/strong>, marque du Groupe Lener, Fabricant fran\u00e7ais de manteaux depuis 1954. Une marque avec un Savoir Faire incontestable.<br \/>\n\u2013 <strong><mark>Geisha<\/mark><\/strong>, marque Hollandaise, offre des imprim\u00e9s uniques et un style singulier, aux inspirations animales et florales. Deux collections par saison sont propos\u00e9es.<br \/>\n\u2013 <strong><mark>Stree One<\/mark><\/strong>, marque Allemande, fond\u00e9e en 1983 propose plusieurs collections par an. Un rapport qualit\u00e9\/prix irr\u00e9prochable, un syst\u00e8me de distribution unique, pour avoir toujours le bon produit au bon moment.[\/vc_column_text][\/vc_column][\/vc_row][vc_row row_height_percent=&#8221;0&#8243; overlay_alpha=&#8221;50&#8243; gutter_size=&#8221;3&#8243; column_width_percent=&#8221;100&#8243; shift_y=&#8221;0&#8243; z_index=&#8221;0&#8243; row_height_pixel=&#8221;350&#8243;][vc_column column_width_percent=&#8221;100&#8243; gutter_size=&#8221;3&#8243; expand_height=&#8221;yes&#8221; back_image=&#8221;85047&#8243; back_repeat=&#8221;inherit&#8221; back_attachment=&#8221;inherit&#8221; back_position=&#8221;right center&#8221; parallax=&#8221;yes&#8221; overlay_alpha=&#8221;50&#8243; shift_x=&#8221;0&#8243; shift_y=&#8221;0&#8243; shift_y_down=&#8221;0&#8243; z_index=&#8221;0&#8243; medium_width=&#8221;0&#8243; mobile_width=&#8221;0&#8243; width=&#8221;1\/1&#8243; back_size=&#8221;450&#8243;][\/vc_column][\/vc_row][vc_row][vc_column width=&#8221;1\/3&#8243;][vc_single_image media=&#8221;85105&#8243; media_width_use_pixel=&#8221;yes&#8221; alignment=&#8221;center&#8221; media_width_pixel=&#8221;100&#8243;][\/vc_column][vc_column width=&#8221;1\/3&#8243;][vc_column_text text_lead=&#8221;small&#8221;]<\/p>\n<p class=\"p1\">T\u00e9l \u2022 06 20 29 60 41<br \/>\nMail \u2022 romain@romain-claron.fr<br \/>\nSite \u2022 www.romain-claron.fr[\/vc_column_text][\/vc_column][vc_column width=&#8221;1\/3&#8243;][vc_column_text text_lead=&#8221;small&#8221;]<\/p>\n<p class=\"p1\">Showroom \u2014 Rh\u00f4ne-Alpes \u2014 Sud-Est<br \/>\n330, all\u00e9e des H\u00eatres \u2014 Les Bureaux de l\u02bc\u00e9tang &#8211; Hall B<br \/>\n69760 Limonest \u2014 France[\/vc_column_text][\/vc_column][\/vc_row]<\/p>\n","protected":false},"excerpt":{"rendered":"<p>[vc_row][vc_column width=&#8221;1\/3&#8243;][vc_column_text] A PROPOS [\/vc_column_text][\/vc_column][vc_column width=&#8221;2\/3&#8243;][vc_column_text]Tout au long de l\u2019ann\u00e9e, notre \u00e9quipe commerciale, pr\u00e9sente dans nos locaux en p\u00e9riph\u00e9rie de [&hellip;]<\/p>\n","protected":false},"author":1,"featured_media":0,"parent":0,"menu_order":0,"comment_status":"closed","ping_status":"closed","template":"","meta":[],"yoast_head":"<!-- This site is optimized with the Yoast SEO plugin v16.8 - https:\/\/yoast.com\/wordpress\/plugins\/seo\/ -->\n<title>A PROPOS -<\/title>\n<meta name=\"robots\" content=\"index, follow, max-snippet:-1, max-image-preview:large, max-video-preview:-1\" \/>\n<link rel=\"canonical\" href=\"http:\/\/www.romain-claron.fr\/index.php\/a-propos\/\" \/>\n<meta property=\"og:locale\" content=\"en_US\" \/>\n<meta property=\"og:type\" content=\"article\" \/>\n<meta property=\"og:title\" content=\"A PROPOS -\" \/>\n<meta property=\"og:description\" content=\"[vc_row][vc_column width=&#8221;1\/3&#8243;][vc_column_text] A PROPOS [\/vc_column_text][\/vc_column][vc_column width=&#8221;2\/3&#8243;][vc_column_text]Tout au long de l\u2019ann\u00e9e, notre \u00e9quipe commerciale, pr\u00e9sente dans nos locaux en p\u00e9riph\u00e9rie de [&hellip;]\" \/>\n<meta property=\"og:url\" content=\"http:\/\/www.romain-claron.fr\/index.php\/a-propos\/\" \/>\n<meta property=\"article:modified_time\" content=\"2022-10-18T08:20:39+00:00\" \/>\n<meta property=\"og:image\" content=\"http:\/\/www.romain-claron.fr\/wp-content\/uploads\/2021\/07\/trait.jpg\" \/>\n<meta name=\"twitter:card\" content=\"summary_large_image\" \/>\n<meta name=\"twitter:label1\" content=\"Est. reading time\" \/>\n\t<meta name=\"twitter:data1\" content=\"2 minutes\" \/>\n<script type=\"application\/ld+json\" class=\"yoast-schema-graph\">{\"@context\":\"https:\/\/schema.org\",\"@graph\":[{\"@type\":\"WebSite\",\"@id\":\"https:\/\/www.romain-claron.fr\/#website\",\"url\":\"https:\/\/www.romain-claron.fr\/\",\"name\":\"\",\"description\":\"\",\"potentialAction\":[{\"@type\":\"SearchAction\",\"target\":{\"@type\":\"EntryPoint\",\"urlTemplate\":\"https:\/\/www.romain-claron.fr\/?s={search_term_string}\"},\"query-input\":\"required name=search_term_string\"}],\"inLanguage\":\"en-US\"},{\"@type\":\"ImageObject\",\"@id\":\"http:\/\/www.romain-claron.fr\/index.php\/a-propos\/#primaryimage\",\"inLanguage\":\"en-US\",\"url\":\"http:\/\/www.romain-claron.fr\/wp-content\/uploads\/2021\/07\/trait.jpg\",\"contentUrl\":\"http:\/\/www.romain-claron.fr\/wp-content\/uploads\/2021\/07\/trait.jpg\"},{\"@type\":\"WebPage\",\"@id\":\"http:\/\/www.romain-claron.fr\/index.php\/a-propos\/#webpage\",\"url\":\"http:\/\/www.romain-claron.fr\/index.php\/a-propos\/\",\"name\":\"A PROPOS -\",\"isPartOf\":{\"@id\":\"https:\/\/www.romain-claron.fr\/#website\"},\"primaryImageOfPage\":{\"@id\":\"http:\/\/www.romain-claron.fr\/index.php\/a-propos\/#primaryimage\"},\"datePublished\":\"2021-07-03T14:00:17+00:00\",\"dateModified\":\"2022-10-18T08:20:39+00:00\",\"breadcrumb\":{\"@id\":\"http:\/\/www.romain-claron.fr\/index.php\/a-propos\/#breadcrumb\"},\"inLanguage\":\"en-US\",\"potentialAction\":[{\"@type\":\"ReadAction\",\"target\":[\"http:\/\/www.romain-claron.fr\/index.php\/a-propos\/\"]}]},{\"@type\":\"BreadcrumbList\",\"@id\":\"http:\/\/www.romain-claron.fr\/index.php\/a-propos\/#breadcrumb\",\"itemListElement\":[{\"@type\":\"ListItem\",\"position\":1,\"name\":\"Home\",\"item\":\"https:\/\/www.romain-claron.fr\/\"},{\"@type\":\"ListItem\",\"position\":2,\"name\":\"A PROPOS\"}]}]}<\/script>\n<!-- \/ Yoast SEO plugin. -->","yoast_head_json":{"title":"A PROPOS -","robots":{"index":"index","follow":"follow","max-snippet":"max-snippet:-1","max-image-preview":"max-image-preview:large","max-video-preview":"max-video-preview:-1"},"canonical":"http:\/\/www.romain-claron.fr\/index.php\/a-propos\/","og_locale":"en_US","og_type":"article","og_title":"A PROPOS -","og_description":"[vc_row][vc_column width=&#8221;1\/3&#8243;][vc_column_text] A PROPOS [\/vc_column_text][\/vc_column][vc_column width=&#8221;2\/3&#8243;][vc_column_text]Tout au long de l\u2019ann\u00e9e, notre \u00e9quipe commerciale, pr\u00e9sente dans nos locaux en p\u00e9riph\u00e9rie de [&hellip;]","og_url":"http:\/\/www.romain-claron.fr\/index.php\/a-propos\/","article_modified_time":"2022-10-18T08:20:39+00:00","og_image":[{"url":"http:\/\/www.romain-claron.fr\/wp-content\/uploads\/2021\/07\/trait.jpg"}],"twitter_card":"summary_large_image","twitter_misc":{"Est. reading time":"2 minutes"},"schema":{"@context":"https:\/\/schema.org","@graph":[{"@type":"WebSite","@id":"https:\/\/www.romain-claron.fr\/#website","url":"https:\/\/www.romain-claron.fr\/","name":"","description":"","potentialAction":[{"@type":"SearchAction","target":{"@type":"EntryPoint","urlTemplate":"https:\/\/www.romain-claron.fr\/?s={search_term_string}"},"query-input":"required name=search_term_string"}],"inLanguage":"en-US"},{"@type":"ImageObject","@id":"http:\/\/www.romain-claron.fr\/index.php\/a-propos\/#primaryimage","inLanguage":"en-US","url":"http:\/\/www.romain-claron.fr\/wp-content\/uploads\/2021\/07\/trait.jpg","contentUrl":"http:\/\/www.romain-claron.fr\/wp-content\/uploads\/2021\/07\/trait.jpg"},{"@type":"WebPage","@id":"http:\/\/www.romain-claron.fr\/index.php\/a-propos\/#webpage","url":"http:\/\/www.romain-claron.fr\/index.php\/a-propos\/","name":"A PROPOS -","isPartOf":{"@id":"https:\/\/www.romain-claron.fr\/#website"},"primaryImageOfPage":{"@id":"http:\/\/www.romain-claron.fr\/index.php\/a-propos\/#primaryimage"},"datePublished":"2021-07-03T14:00:17+00:00","dateModified":"2022-10-18T08:20:39+00:00","breadcrumb":{"@id":"http:\/\/www.romain-claron.fr\/index.php\/a-propos\/#breadcrumb"},"inLanguage":"en-US","potentialAction":[{"@type":"ReadAction","target":["http:\/\/www.romain-claron.fr\/index.php\/a-propos\/"]}]},{"@type":"BreadcrumbList","@id":"http:\/\/www.romain-claron.fr\/index.php\/a-propos\/#breadcrumb","itemListElement":[{"@type":"ListItem","position":1,"name":"Home","item":"https:\/\/www.romain-claron.fr\/"},{"@type":"ListItem","position":2,"name":"A PROPOS"}]}]}},"_links":{"self":[{"href":"https:\/\/www.romain-claron.fr\/index.php\/wp-json\/wp\/v2\/pages\/2"}],"collection":[{"href":"https:\/\/www.romain-claron.fr\/index.php\/wp-json\/wp\/v2\/pages"}],"about":[{"href":"https:\/\/www.romain-claron.fr\/index.php\/wp-json\/wp\/v2\/types\/page"}],"author":[{"embeddable":true,"href":"https:\/\/www.romain-claron.fr\/index.php\/wp-json\/wp\/v2\/users\/1"}],"replies":[{"embeddable":true,"href":"https:\/\/www.romain-claron.fr\/index.php\/wp-json\/wp\/v2\/comments?post=2"}],"version-history":[{"count":11,"href":"https:\/\/www.romain-claron.fr\/index.php\/wp-json\/wp\/v2\/pages\/2\/revisions"}],"predecessor-version":[{"id":85293,"href":"https:\/\/www.romain-claron.fr\/index.php\/wp-json\/wp\/v2\/pages\/2\/revisions\/85293"}],"wp:attachment":[{"href":"https:\/\/www.romain-claron.fr\/index.php\/wp-json\/wp\/v2\/media?parent=2"}],"curies":[{"name":"wp","href":"https:\/\/api.w.org\/{rel}","templated":true}]}}