{"id":85129,"date":"2021-07-29T21:36:35","date_gmt":"2021-07-29T19:36:35","guid":{"rendered":"https:\/\/www.romain-claron.fr\/?page_id=85129"},"modified":"2021-07-29T21:43:31","modified_gmt":"2021-07-29T19:43:31","slug":"street-one","status":"publish","type":"page","link":"https:\/\/www.romain-claron.fr\/index.php\/street-one\/","title":{"rendered":"STREET ONE"},"content":{"rendered":"<p>[vc_row][vc_column width=&#8221;1\/3&#8243;][vc_column_text]<\/p>\n<h2 style=\"text-align: left;\">STREET ONE<br \/>\n<img class=\"alignnone wp-image-85016\" src=\"http:\/\/www.romain-claron.fr\/wp-content\/uploads\/2021\/07\/trait.jpg\" alt=\"\" width=\"34\" height=\"4\" srcset=\"https:\/\/www.romain-claron.fr\/wp-content\/uploads\/2021\/07\/trait.jpg 160w, https:\/\/www.romain-claron.fr\/wp-content\/uploads\/2021\/07\/trait-150x19.jpg 150w\" sizes=\"(max-width: 34px) 100vw, 34px\" \/><\/h2>\n<p>[\/vc_column_text][\/vc_column][vc_column column_width_percent=&#8221;100&#8243; gutter_size=&#8221;3&#8243; style=&#8221;light&#8221; overlay_alpha=&#8221;50&#8243; shift_x=&#8221;0&#8243; shift_y=&#8221;0&#8243; shift_y_down=&#8221;0&#8243; z_index=&#8221;0&#8243; medium_width=&#8221;0&#8243; mobile_width=&#8221;0&#8243; width=&#8221;2\/3&#8243;][vc_column_text]Street One, c\u2019est la <strong><mark>marque historique du showroom<\/mark><\/strong>,que l\u2019on distribue depuis 13 aupr\u00e8s d\u2019une centaine de clients sur notre secteur. La marque a \u00e9t\u00e9 cr\u00e9\u00e9e en 1983 par deux d\u00e9taillants. Au d\u00e9but de leur histoire, ils proposaient uniquement des pantalons. Puis, au fil des ann\u00e9es, ils d\u00e9cid\u00e8rent de proposer une gamme compl\u00e8te, des blouses, des mailles, des t-shirts, etc\u2026 Afin d\u2019all\u00e9ger les stocks des magasins, ils d\u00e9cid\u00e8rent de mettre en place un syst\u00e8me unique de multi-livraisons. Les produits livr\u00e9s sont adapt\u00e9s au mois de vente. L\u2019objectif \u00e9tant d\u2019am\u00e9liorer la rotation des produits, et de proposer chaque semaine des nouveaut\u00e9s aux clients. La marque Street One permet d\u2019offrir un bon rapport qualit\u00e9\/prix \u00e0 une client\u00e8le large, tout en proposant des produits faciles \u00e0 porter. C\u2019est une marque sur laquelle vous pouvez compter sur du long terme. Street One met \u00e9galement \u00e0 disposition un stock permanent livr\u00e9 en 72h.[\/vc_column_text][\/vc_column][\/vc_row][vc_row][vc_column width=&#8221;1\/1&#8243;][vc_gallery el_id=&#8221;gallery-404820&#8243; medias=&#8221;85130,85131,85132,85133,85134,85135,85136,85137,85138,85139,85140,85141,85142,85143,85144,85145,85146,85147,85148,85149,85150,85151,85152,85153,85154,85155,85156,85157,85158,85159,85160,85161,85162,85163&#8243; gutter_size=&#8221;3&#8243; screen_lg=&#8221;1000&#8243; screen_md=&#8221;600&#8243; screen_sm=&#8221;480&#8243; single_overlay_opacity=&#8221;50&#8243; single_padding=&#8221;2&#8243;][\/vc_column][\/vc_row][vc_row][vc_column width=&#8221;1\/3&#8243;][vc_single_image media=&#8221;85105&#8243; media_width_use_pixel=&#8221;yes&#8221; alignment=&#8221;center&#8221; media_width_pixel=&#8221;100&#8243;][\/vc_column][vc_column width=&#8221;1\/3&#8243;][vc_column_text text_lead=&#8221;small&#8221;]<\/p>\n<p class=\"p1\">T\u00e9l \u2022 06 20 29 60 41<br \/>\nMail \u2022 romain@romain-claron.fr<br \/>\nSite \u2022 www.romain-claron.fr<\/p>\n<p>[\/vc_column_text][\/vc_column][vc_column width=&#8221;1\/3&#8243;][vc_column_text text_lead=&#8221;small&#8221;]<\/p>\n<p class=\"p1\">Showroom \u2014 Rh\u00f4ne-Alpes \u2014 Sud-Est<br \/>\n330, all\u00e9e des H\u00eatres \u2014 Les Bureaux de l\u02bc\u00e9tang &#8211; Hall B<br \/>\n69760 Limonest \u2014 France<\/p>\n<p>[\/vc_column_text][\/vc_column][\/vc_row]<\/p>\n","protected":false},"excerpt":{"rendered":"<p>[vc_row][vc_column width=&#8221;1\/3&#8243;][vc_column_text] STREET ONE [\/vc_column_text][\/vc_column][vc_column column_width_percent=&#8221;100&#8243; gutter_size=&#8221;3&#8243; style=&#8221;light&#8221; overlay_alpha=&#8221;50&#8243; shift_x=&#8221;0&#8243; shift_y=&#8221;0&#8243; shift_y_down=&#8221;0&#8243; z_index=&#8221;0&#8243; medium_width=&#8221;0&#8243; mobile_width=&#8221;0&#8243; width=&#8221;2\/3&#8243;][vc_column_text]Street One, c\u2019est la marque [&hellip;]<\/p>\n","protected":false},"author":1,"featured_media":0,"parent":0,"menu_order":0,"comment_status":"closed","ping_status":"closed","template":"","meta":[],"yoast_head":"<!-- This site is optimized with the Yoast SEO plugin v16.8 - https:\/\/yoast.com\/wordpress\/plugins\/seo\/ -->\n<title>STREET ONE -<\/title>\n<meta name=\"robots\" content=\"index, follow, max-snippet:-1, max-image-preview:large, max-video-preview:-1\" \/>\n<link rel=\"canonical\" href=\"https:\/\/www.romain-claron.fr\/index.php\/street-one\/\" \/>\n<meta property=\"og:locale\" content=\"en_US\" \/>\n<meta property=\"og:type\" content=\"article\" \/>\n<meta property=\"og:title\" content=\"STREET ONE -\" \/>\n<meta property=\"og:description\" content=\"[vc_row][vc_column width=&#8221;1\/3&#8243;][vc_column_text] STREET ONE [\/vc_column_text][\/vc_column][vc_column column_width_percent=&#8221;100&#8243; gutter_size=&#8221;3&#8243; style=&#8221;light&#8221; overlay_alpha=&#8221;50&#8243; shift_x=&#8221;0&#8243; shift_y=&#8221;0&#8243; shift_y_down=&#8221;0&#8243; z_index=&#8221;0&#8243; medium_width=&#8221;0&#8243; mobile_width=&#8221;0&#8243; width=&#8221;2\/3&#8243;][vc_column_text]Street One, c\u2019est la marque [&hellip;]\" \/>\n<meta property=\"og:url\" content=\"https:\/\/www.romain-claron.fr\/index.php\/street-one\/\" \/>\n<meta property=\"article:modified_time\" content=\"2021-07-29T19:43:31+00:00\" \/>\n<meta property=\"og:image\" content=\"http:\/\/www.romain-claron.fr\/wp-content\/uploads\/2021\/07\/trait.jpg\" \/>\n<meta name=\"twitter:card\" content=\"summary_large_image\" \/>\n<meta name=\"twitter:label1\" content=\"Est. reading time\" \/>\n\t<meta name=\"twitter:data1\" content=\"2 minutes\" \/>\n<script type=\"application\/ld+json\" class=\"yoast-schema-graph\">{\"@context\":\"https:\/\/schema.org\",\"@graph\":[{\"@type\":\"WebSite\",\"@id\":\"https:\/\/www.romain-claron.fr\/#website\",\"url\":\"https:\/\/www.romain-claron.fr\/\",\"name\":\"\",\"description\":\"\",\"potentialAction\":[{\"@type\":\"SearchAction\",\"target\":{\"@type\":\"EntryPoint\",\"urlTemplate\":\"https:\/\/www.romain-claron.fr\/?s={search_term_string}\"},\"query-input\":\"required name=search_term_string\"}],\"inLanguage\":\"en-US\"},{\"@type\":\"ImageObject\",\"@id\":\"https:\/\/www.romain-claron.fr\/index.php\/street-one\/#primaryimage\",\"inLanguage\":\"en-US\",\"url\":\"http:\/\/www.romain-claron.fr\/wp-content\/uploads\/2021\/07\/trait.jpg\",\"contentUrl\":\"http:\/\/www.romain-claron.fr\/wp-content\/uploads\/2021\/07\/trait.jpg\"},{\"@type\":\"WebPage\",\"@id\":\"https:\/\/www.romain-claron.fr\/index.php\/street-one\/#webpage\",\"url\":\"https:\/\/www.romain-claron.fr\/index.php\/street-one\/\",\"name\":\"STREET ONE -\",\"isPartOf\":{\"@id\":\"https:\/\/www.romain-claron.fr\/#website\"},\"primaryImageOfPage\":{\"@id\":\"https:\/\/www.romain-claron.fr\/index.php\/street-one\/#primaryimage\"},\"datePublished\":\"2021-07-29T19:36:35+00:00\",\"dateModified\":\"2021-07-29T19:43:31+00:00\",\"breadcrumb\":{\"@id\":\"https:\/\/www.romain-claron.fr\/index.php\/street-one\/#breadcrumb\"},\"inLanguage\":\"en-US\",\"potentialAction\":[{\"@type\":\"ReadAction\",\"target\":[\"https:\/\/www.romain-claron.fr\/index.php\/street-one\/\"]}]},{\"@type\":\"BreadcrumbList\",\"@id\":\"https:\/\/www.romain-claron.fr\/index.php\/street-one\/#breadcrumb\",\"itemListElement\":[{\"@type\":\"ListItem\",\"position\":1,\"name\":\"Home\",\"item\":\"https:\/\/www.romain-claron.fr\/\"},{\"@type\":\"ListItem\",\"position\":2,\"name\":\"STREET ONE\"}]}]}<\/script>\n<!-- \/ Yoast SEO plugin. -->","yoast_head_json":{"title":"STREET ONE -","robots":{"index":"index","follow":"follow","max-snippet":"max-snippet:-1","max-image-preview":"max-image-preview:large","max-video-preview":"max-video-preview:-1"},"canonical":"https:\/\/www.romain-claron.fr\/index.php\/street-one\/","og_locale":"en_US","og_type":"article","og_title":"STREET ONE -","og_description":"[vc_row][vc_column width=&#8221;1\/3&#8243;][vc_column_text] STREET ONE [\/vc_column_text][\/vc_column][vc_column column_width_percent=&#8221;100&#8243; gutter_size=&#8221;3&#8243; style=&#8221;light&#8221; overlay_alpha=&#8221;50&#8243; shift_x=&#8221;0&#8243; shift_y=&#8221;0&#8243; shift_y_down=&#8221;0&#8243; z_index=&#8221;0&#8243; medium_width=&#8221;0&#8243; mobile_width=&#8221;0&#8243; width=&#8221;2\/3&#8243;][vc_column_text]Street One, c\u2019est la marque [&hellip;]","og_url":"https:\/\/www.romain-claron.fr\/index.php\/street-one\/","article_modified_time":"2021-07-29T19:43:31+00:00","og_image":[{"url":"http:\/\/www.romain-claron.fr\/wp-content\/uploads\/2021\/07\/trait.jpg"}],"twitter_card":"summary_large_image","twitter_misc":{"Est. reading time":"2 minutes"},"schema":{"@context":"https:\/\/schema.org","@graph":[{"@type":"WebSite","@id":"https:\/\/www.romain-claron.fr\/#website","url":"https:\/\/www.romain-claron.fr\/","name":"","description":"","potentialAction":[{"@type":"SearchAction","target":{"@type":"EntryPoint","urlTemplate":"https:\/\/www.romain-claron.fr\/?s={search_term_string}"},"query-input":"required name=search_term_string"}],"inLanguage":"en-US"},{"@type":"ImageObject","@id":"https:\/\/www.romain-claron.fr\/index.php\/street-one\/#primaryimage","inLanguage":"en-US","url":"http:\/\/www.romain-claron.fr\/wp-content\/uploads\/2021\/07\/trait.jpg","contentUrl":"http:\/\/www.romain-claron.fr\/wp-content\/uploads\/2021\/07\/trait.jpg"},{"@type":"WebPage","@id":"https:\/\/www.romain-claron.fr\/index.php\/street-one\/#webpage","url":"https:\/\/www.romain-claron.fr\/index.php\/street-one\/","name":"STREET ONE -","isPartOf":{"@id":"https:\/\/www.romain-claron.fr\/#website"},"primaryImageOfPage":{"@id":"https:\/\/www.romain-claron.fr\/index.php\/street-one\/#primaryimage"},"datePublished":"2021-07-29T19:36:35+00:00","dateModified":"2021-07-29T19:43:31+00:00","breadcrumb":{"@id":"https:\/\/www.romain-claron.fr\/index.php\/street-one\/#breadcrumb"},"inLanguage":"en-US","potentialAction":[{"@type":"ReadAction","target":["https:\/\/www.romain-claron.fr\/index.php\/street-one\/"]}]},{"@type":"BreadcrumbList","@id":"https:\/\/www.romain-claron.fr\/index.php\/street-one\/#breadcrumb","itemListElement":[{"@type":"ListItem","position":1,"name":"Home","item":"https:\/\/www.romain-claron.fr\/"},{"@type":"ListItem","position":2,"name":"STREET ONE"}]}]}},"_links":{"self":[{"href":"https:\/\/www.romain-claron.fr\/index.php\/wp-json\/wp\/v2\/pages\/85129"}],"collection":[{"href":"https:\/\/www.romain-claron.fr\/index.php\/wp-json\/wp\/v2\/pages"}],"about":[{"href":"https:\/\/www.romain-claron.fr\/index.php\/wp-json\/wp\/v2\/types\/page"}],"author":[{"embeddable":true,"href":"https:\/\/www.romain-claron.fr\/index.php\/wp-json\/wp\/v2\/users\/1"}],"replies":[{"embeddable":true,"href":"https:\/\/www.romain-claron.fr\/index.php\/wp-json\/wp\/v2\/comments?post=85129"}],"version-history":[{"count":5,"href":"https:\/\/www.romain-claron.fr\/index.php\/wp-json\/wp\/v2\/pages\/85129\/revisions"}],"predecessor-version":[{"id":85169,"href":"https:\/\/www.romain-claron.fr\/index.php\/wp-json\/wp\/v2\/pages\/85129\/revisions\/85169"}],"wp:attachment":[{"href":"https:\/\/www.romain-claron.fr\/index.php\/wp-json\/wp\/v2\/media?parent=85129"}],"curies":[{"name":"wp","href":"https:\/\/api.w.org\/{rel}","templated":true}]}}