{"id":85170,"date":"2021-07-29T21:46:27","date_gmt":"2021-07-29T19:46:27","guid":{"rendered":"https:\/\/www.romain-claron.fr\/?page_id=85170"},"modified":"2022-08-24T15:22:06","modified_gmt":"2022-08-24T13:22:06","slug":"wrangler","status":"publish","type":"page","link":"https:\/\/www.romain-claron.fr\/index.php\/wrangler\/","title":{"rendered":"WRANGLER"},"content":{"rendered":"<p>[vc_row][vc_column width=&#8221;1\/3&#8243;][vc_column_text]<\/p>\n<h2 style=\"text-align: left;\">WRANGLER<br \/>\n<img class=\"alignnone wp-image-85016\" src=\"http:\/\/www.romain-claron.fr\/wp-content\/uploads\/2021\/07\/trait.jpg\" alt=\"\" width=\"34\" height=\"4\" srcset=\"https:\/\/www.romain-claron.fr\/wp-content\/uploads\/2021\/07\/trait.jpg 160w, https:\/\/www.romain-claron.fr\/wp-content\/uploads\/2021\/07\/trait-150x19.jpg 150w\" sizes=\"(max-width: 34px) 100vw, 34px\" \/><\/h2>\n<p>[\/vc_column_text][\/vc_column][vc_column column_width_percent=&#8221;100&#8243; gutter_size=&#8221;3&#8243; style=&#8221;light&#8221; overlay_alpha=&#8221;50&#8243; shift_x=&#8221;0&#8243; shift_y=&#8221;0&#8243; shift_y_down=&#8221;0&#8243; z_index=&#8221;0&#8243; medium_width=&#8221;0&#8243; mobile_width=&#8221;0&#8243; width=&#8221;2\/3&#8243;][vc_column_text]<\/p>\n<p align=\"justify\">Wrangler est la marque denim du quotidien. Depuis l&#8217;apparition du denim, la marque puise son inspiration dans de vraies exp\u00e9riences de vie, convaincue que les v\u00eatements devraient \u00eatre con\u00e7us pour s&#8217;adapter aux besoins de ceux qui les portent. C&#8217;est le cas depuis que Wrangler est apparu en 1947 \u00e0 Greensboro, en Caroline du Nord, avec des id\u00e9es innovantes pour cr\u00e9er les meilleurs jeans, vestes et chemises possibles pour les cow-boys. Notre plateforme d&#8217;innovation r\u00e9volutionnaire, Denim Performance, a d\u00e9but\u00e9 avec notre compr\u00e9hension des qualit\u00e9s exig\u00e9es d&#8217;un jean au XXIe si\u00e8cle : des jeans qui tiennent chaud en hiver, gardent leur fra\u00eecheur en \u00e9t\u00e9, restent sec et, comme en 1947, des jeans o\u00f9 votre montre de poche est en s\u00e9curit\u00e9 &#8211; si ce n&#8217;est qu&#8217;aujourd&#8217;hui, votre montre peut t\u00e9l\u00e9phoner et surfer sur le net. <strong><mark>Toujours aussi durable, authentique et \u00e9l\u00e9gant ce qu&#8217;on attend de Wrangler.<\/mark><\/strong><\/p>\n<p>[\/vc_column_text][\/vc_column][\/vc_row][vc_row][vc_column width=&#8221;1\/1&#8243;][vc_gallery el_id=&#8221;gallery-404820&#8243; medias=&#8221;85278,85279,85280&#8243; gutter_size=&#8221;3&#8243; screen_lg=&#8221;1000&#8243; screen_md=&#8221;600&#8243; screen_sm=&#8221;480&#8243; single_overlay_opacity=&#8221;50&#8243; single_padding=&#8221;2&#8243;][\/vc_column][\/vc_row][vc_row][vc_column width=&#8221;1\/3&#8243;][vc_single_image media=&#8221;85105&#8243; media_width_use_pixel=&#8221;yes&#8221; alignment=&#8221;center&#8221; media_width_pixel=&#8221;100&#8243;][\/vc_column][vc_column width=&#8221;1\/3&#8243;][vc_column_text text_lead=&#8221;small&#8221;]<\/p>\n<p class=\"p1\">T\u00e9l \u2022 06 20 29 60 41<br \/>\nMail \u2022 romain@romain-claron.fr<br \/>\nSite \u2022 www.romain-claron.fr<\/p>\n<p>[\/vc_column_text][\/vc_column][vc_column width=&#8221;1\/3&#8243;][vc_column_text text_lead=&#8221;small&#8221;]<\/p>\n<p class=\"p1\">Showroom \u2014 Rh\u00f4ne-Alpes \u2014 Sud-Est<br \/>\n330, all\u00e9e des H\u00eatres \u2014 Les Bureaux de l\u02bc\u00e9tang &#8211; Hall B<br \/>\n69760 Limonest \u2014 France<\/p>\n<p>[\/vc_column_text][\/vc_column][\/vc_row]<\/p>\n","protected":false},"excerpt":{"rendered":"<p>[vc_row][vc_column width=&#8221;1\/3&#8243;][vc_column_text] WRANGLER [\/vc_column_text][\/vc_column][vc_column column_width_percent=&#8221;100&#8243; gutter_size=&#8221;3&#8243; style=&#8221;light&#8221; overlay_alpha=&#8221;50&#8243; shift_x=&#8221;0&#8243; shift_y=&#8221;0&#8243; shift_y_down=&#8221;0&#8243; z_index=&#8221;0&#8243; medium_width=&#8221;0&#8243; mobile_width=&#8221;0&#8243; width=&#8221;2\/3&#8243;][vc_column_text] Wrangler est la marque denim [&hellip;]<\/p>\n","protected":false},"author":1,"featured_media":0,"parent":0,"menu_order":0,"comment_status":"closed","ping_status":"closed","template":"","meta":[],"yoast_head":"<!-- This site is optimized with the Yoast SEO plugin v16.8 - https:\/\/yoast.com\/wordpress\/plugins\/seo\/ -->\n<title>WRANGLER -<\/title>\n<meta name=\"robots\" content=\"index, follow, max-snippet:-1, max-image-preview:large, max-video-preview:-1\" \/>\n<link rel=\"canonical\" href=\"https:\/\/www.romain-claron.fr\/index.php\/wrangler\/\" \/>\n<meta property=\"og:locale\" content=\"en_US\" \/>\n<meta property=\"og:type\" content=\"article\" \/>\n<meta property=\"og:title\" content=\"WRANGLER -\" \/>\n<meta property=\"og:description\" content=\"[vc_row][vc_column width=&#8221;1\/3&#8243;][vc_column_text] WRANGLER [\/vc_column_text][\/vc_column][vc_column column_width_percent=&#8221;100&#8243; gutter_size=&#8221;3&#8243; style=&#8221;light&#8221; overlay_alpha=&#8221;50&#8243; shift_x=&#8221;0&#8243; shift_y=&#8221;0&#8243; shift_y_down=&#8221;0&#8243; z_index=&#8221;0&#8243; medium_width=&#8221;0&#8243; mobile_width=&#8221;0&#8243; width=&#8221;2\/3&#8243;][vc_column_text] Wrangler est la marque denim [&hellip;]\" \/>\n<meta property=\"og:url\" content=\"https:\/\/www.romain-claron.fr\/index.php\/wrangler\/\" \/>\n<meta property=\"article:modified_time\" content=\"2022-08-24T13:22:06+00:00\" \/>\n<meta property=\"og:image\" content=\"http:\/\/www.romain-claron.fr\/wp-content\/uploads\/2021\/07\/trait.jpg\" \/>\n<meta name=\"twitter:card\" content=\"summary_large_image\" \/>\n<meta name=\"twitter:label1\" content=\"Est. reading time\" \/>\n\t<meta name=\"twitter:data1\" content=\"2 minutes\" \/>\n<script type=\"application\/ld+json\" class=\"yoast-schema-graph\">{\"@context\":\"https:\/\/schema.org\",\"@graph\":[{\"@type\":\"WebSite\",\"@id\":\"https:\/\/www.romain-claron.fr\/#website\",\"url\":\"https:\/\/www.romain-claron.fr\/\",\"name\":\"\",\"description\":\"\",\"potentialAction\":[{\"@type\":\"SearchAction\",\"target\":{\"@type\":\"EntryPoint\",\"urlTemplate\":\"https:\/\/www.romain-claron.fr\/?s={search_term_string}\"},\"query-input\":\"required name=search_term_string\"}],\"inLanguage\":\"en-US\"},{\"@type\":\"ImageObject\",\"@id\":\"https:\/\/www.romain-claron.fr\/index.php\/wrangler\/#primaryimage\",\"inLanguage\":\"en-US\",\"url\":\"http:\/\/www.romain-claron.fr\/wp-content\/uploads\/2021\/07\/trait.jpg\",\"contentUrl\":\"http:\/\/www.romain-claron.fr\/wp-content\/uploads\/2021\/07\/trait.jpg\"},{\"@type\":\"WebPage\",\"@id\":\"https:\/\/www.romain-claron.fr\/index.php\/wrangler\/#webpage\",\"url\":\"https:\/\/www.romain-claron.fr\/index.php\/wrangler\/\",\"name\":\"WRANGLER -\",\"isPartOf\":{\"@id\":\"https:\/\/www.romain-claron.fr\/#website\"},\"primaryImageOfPage\":{\"@id\":\"https:\/\/www.romain-claron.fr\/index.php\/wrangler\/#primaryimage\"},\"datePublished\":\"2021-07-29T19:46:27+00:00\",\"dateModified\":\"2022-08-24T13:22:06+00:00\",\"breadcrumb\":{\"@id\":\"https:\/\/www.romain-claron.fr\/index.php\/wrangler\/#breadcrumb\"},\"inLanguage\":\"en-US\",\"potentialAction\":[{\"@type\":\"ReadAction\",\"target\":[\"https:\/\/www.romain-claron.fr\/index.php\/wrangler\/\"]}]},{\"@type\":\"BreadcrumbList\",\"@id\":\"https:\/\/www.romain-claron.fr\/index.php\/wrangler\/#breadcrumb\",\"itemListElement\":[{\"@type\":\"ListItem\",\"position\":1,\"name\":\"Home\",\"item\":\"https:\/\/www.romain-claron.fr\/\"},{\"@type\":\"ListItem\",\"position\":2,\"name\":\"WRANGLER\"}]}]}<\/script>\n<!-- \/ Yoast SEO plugin. -->","yoast_head_json":{"title":"WRANGLER -","robots":{"index":"index","follow":"follow","max-snippet":"max-snippet:-1","max-image-preview":"max-image-preview:large","max-video-preview":"max-video-preview:-1"},"canonical":"https:\/\/www.romain-claron.fr\/index.php\/wrangler\/","og_locale":"en_US","og_type":"article","og_title":"WRANGLER -","og_description":"[vc_row][vc_column width=&#8221;1\/3&#8243;][vc_column_text] WRANGLER [\/vc_column_text][\/vc_column][vc_column column_width_percent=&#8221;100&#8243; gutter_size=&#8221;3&#8243; style=&#8221;light&#8221; overlay_alpha=&#8221;50&#8243; shift_x=&#8221;0&#8243; shift_y=&#8221;0&#8243; shift_y_down=&#8221;0&#8243; z_index=&#8221;0&#8243; medium_width=&#8221;0&#8243; mobile_width=&#8221;0&#8243; width=&#8221;2\/3&#8243;][vc_column_text] Wrangler est la marque denim [&hellip;]","og_url":"https:\/\/www.romain-claron.fr\/index.php\/wrangler\/","article_modified_time":"2022-08-24T13:22:06+00:00","og_image":[{"url":"http:\/\/www.romain-claron.fr\/wp-content\/uploads\/2021\/07\/trait.jpg"}],"twitter_card":"summary_large_image","twitter_misc":{"Est. reading time":"2 minutes"},"schema":{"@context":"https:\/\/schema.org","@graph":[{"@type":"WebSite","@id":"https:\/\/www.romain-claron.fr\/#website","url":"https:\/\/www.romain-claron.fr\/","name":"","description":"","potentialAction":[{"@type":"SearchAction","target":{"@type":"EntryPoint","urlTemplate":"https:\/\/www.romain-claron.fr\/?s={search_term_string}"},"query-input":"required name=search_term_string"}],"inLanguage":"en-US"},{"@type":"ImageObject","@id":"https:\/\/www.romain-claron.fr\/index.php\/wrangler\/#primaryimage","inLanguage":"en-US","url":"http:\/\/www.romain-claron.fr\/wp-content\/uploads\/2021\/07\/trait.jpg","contentUrl":"http:\/\/www.romain-claron.fr\/wp-content\/uploads\/2021\/07\/trait.jpg"},{"@type":"WebPage","@id":"https:\/\/www.romain-claron.fr\/index.php\/wrangler\/#webpage","url":"https:\/\/www.romain-claron.fr\/index.php\/wrangler\/","name":"WRANGLER -","isPartOf":{"@id":"https:\/\/www.romain-claron.fr\/#website"},"primaryImageOfPage":{"@id":"https:\/\/www.romain-claron.fr\/index.php\/wrangler\/#primaryimage"},"datePublished":"2021-07-29T19:46:27+00:00","dateModified":"2022-08-24T13:22:06+00:00","breadcrumb":{"@id":"https:\/\/www.romain-claron.fr\/index.php\/wrangler\/#breadcrumb"},"inLanguage":"en-US","potentialAction":[{"@type":"ReadAction","target":["https:\/\/www.romain-claron.fr\/index.php\/wrangler\/"]}]},{"@type":"BreadcrumbList","@id":"https:\/\/www.romain-claron.fr\/index.php\/wrangler\/#breadcrumb","itemListElement":[{"@type":"ListItem","position":1,"name":"Home","item":"https:\/\/www.romain-claron.fr\/"},{"@type":"ListItem","position":2,"name":"WRANGLER"}]}]}},"_links":{"self":[{"href":"https:\/\/www.romain-claron.fr\/index.php\/wp-json\/wp\/v2\/pages\/85170"}],"collection":[{"href":"https:\/\/www.romain-claron.fr\/index.php\/wp-json\/wp\/v2\/pages"}],"about":[{"href":"https:\/\/www.romain-claron.fr\/index.php\/wp-json\/wp\/v2\/types\/page"}],"author":[{"embeddable":true,"href":"https:\/\/www.romain-claron.fr\/index.php\/wp-json\/wp\/v2\/users\/1"}],"replies":[{"embeddable":true,"href":"https:\/\/www.romain-claron.fr\/index.php\/wp-json\/wp\/v2\/comments?post=85170"}],"version-history":[{"count":8,"href":"https:\/\/www.romain-claron.fr\/index.php\/wp-json\/wp\/v2\/pages\/85170\/revisions"}],"predecessor-version":[{"id":85283,"href":"https:\/\/www.romain-claron.fr\/index.php\/wp-json\/wp\/v2\/pages\/85170\/revisions\/85283"}],"wp:attachment":[{"href":"https:\/\/www.romain-claron.fr\/index.php\/wp-json\/wp\/v2\/media?parent=85170"}],"curies":[{"name":"wp","href":"https:\/\/api.w.org\/{rel}","templated":true}]}}