{"id":85216,"date":"2021-07-29T21:58:54","date_gmt":"2021-07-29T19:58:54","guid":{"rendered":"https:\/\/www.romain-claron.fr\/?page_id=85216"},"modified":"2021-07-29T21:59:45","modified_gmt":"2021-07-29T19:59:45","slug":"trench-and-coat","status":"publish","type":"page","link":"https:\/\/www.romain-claron.fr\/index.php\/trench-and-coat\/","title":{"rendered":"TRENCH AND COAT"},"content":{"rendered":"<p>[vc_row][vc_column width=&#8221;1\/3&#8243;][vc_column_text]<\/p>\n<h2 style=\"text-align: left;\">TRENCH AND COAT<br \/>\n<img class=\"alignnone wp-image-85016\" src=\"http:\/\/www.romain-claron.fr\/wp-content\/uploads\/2021\/07\/trait.jpg\" alt=\"\" width=\"34\" height=\"4\" srcset=\"https:\/\/www.romain-claron.fr\/wp-content\/uploads\/2021\/07\/trait.jpg 160w, https:\/\/www.romain-claron.fr\/wp-content\/uploads\/2021\/07\/trait-150x19.jpg 150w\" sizes=\"(max-width: 34px) 100vw, 34px\" \/><\/h2>\n<p>[\/vc_column_text][\/vc_column][vc_column column_width_percent=&#8221;100&#8243; gutter_size=&#8221;3&#8243; style=&#8221;light&#8221; overlay_alpha=&#8221;50&#8243; shift_x=&#8221;0&#8243; shift_y=&#8221;0&#8243; shift_y_down=&#8221;0&#8243; z_index=&#8221;0&#8243; medium_width=&#8221;0&#8243; mobile_width=&#8221;0&#8243; width=&#8221;2\/3&#8243;][vc_column_text]Trench and Coat s\u2019appuie sur les valeurs de la maison Lener Cordier qui depuis 1954 s\u2019\u00e9vertue \u00e0 dessiner la silhouette des femmes. Historiquement fabricant de manteaux haut de gamme et sous traitant pour de nombreuses marques, la maison Lener Cordier a lanc\u00e9 Trench &amp; Coat en 2014. Entre Basiques revisit\u00e9s ou coupes plus audacieuses, les mod\u00e8les Trench and Coat s\u2019approprient l\u2019air du temps pour <strong><mark>habiller chaque femme et affirmer son style<\/mark><\/strong>. Les stylistes de la marque imaginent manteaux, trenchs, vestes et parkas d\u00e9clin\u00e9s dans de larges gammes de couleurs, mati\u00e8res et coupes avec un sens du d\u00e9tail unique. Chez Trench and Coat, les couturi\u00e8res unissent leurs talents et 60 ans de passion et de cr\u00e9ation de manteau pour confectionner des \u00ab pi\u00e8ces \u00e0 manches \u00bb uniques. Du choix des mati\u00e8res \u00e0 la finition, chaque \u00e9tape de fabrication s\u2019appuie sur une exp\u00e9rience industrielle \u00e0 dimension humaine. Un souci du d\u00e9tail partag\u00e9 par les vingt corps de m\u00e9tiers r\u00e9unis dans les ateliers de la marque dans le Nord de la France.[\/vc_column_text][\/vc_column][\/vc_row][vc_row][vc_column width=&#8221;1\/1&#8243;][vc_gallery el_id=&#8221;gallery-404820&#8243; medias=&#8221;85218,85219,85220,85221,85222,85223,85224,85225,85226,85228,85229,85230,85231,85232,85233,85234,85235,85236,85237,85238,85239,85240,85241,85242,85243,85244,85245,85246,85247&#8243; gutter_size=&#8221;3&#8243; screen_lg=&#8221;1000&#8243; screen_md=&#8221;600&#8243; screen_sm=&#8221;480&#8243; single_overlay_opacity=&#8221;50&#8243; single_padding=&#8221;2&#8243;][\/vc_column][\/vc_row][vc_row][vc_column width=&#8221;1\/3&#8243;][vc_single_image media=&#8221;85105&#8243; media_width_use_pixel=&#8221;yes&#8221; alignment=&#8221;center&#8221; media_width_pixel=&#8221;100&#8243;][\/vc_column][vc_column width=&#8221;1\/3&#8243;][vc_column_text text_lead=&#8221;small&#8221;]<\/p>\n<p class=\"p1\">T\u00e9l \u2022 06 20 29 60 41<br \/>\nMail \u2022 romain@romain-claron.fr<br \/>\nSite \u2022 www.romain-claron.fr<\/p>\n<p>[\/vc_column_text][\/vc_column][vc_column width=&#8221;1\/3&#8243;][vc_column_text text_lead=&#8221;small&#8221;]<\/p>\n<p class=\"p1\">Showroom \u2014 Rh\u00f4ne-Alpes \u2014 Sud-Est<br \/>\n330, all\u00e9e des H\u00eatres \u2014 Les Bureaux de l\u02bc\u00e9tang &#8211; Hall B<br \/>\n69760 Limonest \u2014 France<\/p>\n<p>[\/vc_column_text][\/vc_column][\/vc_row]<\/p>\n","protected":false},"excerpt":{"rendered":"<p>[vc_row][vc_column width=&#8221;1\/3&#8243;][vc_column_text] TRENCH AND COAT [\/vc_column_text][\/vc_column][vc_column column_width_percent=&#8221;100&#8243; gutter_size=&#8221;3&#8243; style=&#8221;light&#8221; overlay_alpha=&#8221;50&#8243; shift_x=&#8221;0&#8243; shift_y=&#8221;0&#8243; shift_y_down=&#8221;0&#8243; z_index=&#8221;0&#8243; medium_width=&#8221;0&#8243; mobile_width=&#8221;0&#8243; width=&#8221;2\/3&#8243;][vc_column_text]Trench and Coat s\u2019appuie [&hellip;]<\/p>\n","protected":false},"author":1,"featured_media":0,"parent":0,"menu_order":0,"comment_status":"closed","ping_status":"closed","template":"","meta":[],"yoast_head":"<!-- This site is optimized with the Yoast SEO plugin v16.8 - https:\/\/yoast.com\/wordpress\/plugins\/seo\/ -->\n<title>TRENCH AND COAT -<\/title>\n<meta name=\"robots\" content=\"index, follow, max-snippet:-1, max-image-preview:large, max-video-preview:-1\" \/>\n<link rel=\"canonical\" href=\"https:\/\/www.romain-claron.fr\/index.php\/trench-and-coat\/\" \/>\n<meta property=\"og:locale\" content=\"en_US\" \/>\n<meta property=\"og:type\" content=\"article\" \/>\n<meta property=\"og:title\" content=\"TRENCH AND COAT -\" \/>\n<meta property=\"og:description\" content=\"[vc_row][vc_column width=&#8221;1\/3&#8243;][vc_column_text] TRENCH AND COAT [\/vc_column_text][\/vc_column][vc_column column_width_percent=&#8221;100&#8243; gutter_size=&#8221;3&#8243; style=&#8221;light&#8221; overlay_alpha=&#8221;50&#8243; shift_x=&#8221;0&#8243; shift_y=&#8221;0&#8243; shift_y_down=&#8221;0&#8243; z_index=&#8221;0&#8243; medium_width=&#8221;0&#8243; mobile_width=&#8221;0&#8243; width=&#8221;2\/3&#8243;][vc_column_text]Trench and Coat s\u2019appuie [&hellip;]\" \/>\n<meta property=\"og:url\" content=\"https:\/\/www.romain-claron.fr\/index.php\/trench-and-coat\/\" \/>\n<meta property=\"article:modified_time\" content=\"2021-07-29T19:59:45+00:00\" \/>\n<meta property=\"og:image\" content=\"http:\/\/www.romain-claron.fr\/wp-content\/uploads\/2021\/07\/trait.jpg\" \/>\n<meta name=\"twitter:card\" content=\"summary_large_image\" \/>\n<meta name=\"twitter:label1\" content=\"Est. reading time\" \/>\n\t<meta name=\"twitter:data1\" content=\"2 minutes\" \/>\n<script type=\"application\/ld+json\" class=\"yoast-schema-graph\">{\"@context\":\"https:\/\/schema.org\",\"@graph\":[{\"@type\":\"WebSite\",\"@id\":\"https:\/\/www.romain-claron.fr\/#website\",\"url\":\"https:\/\/www.romain-claron.fr\/\",\"name\":\"\",\"description\":\"\",\"potentialAction\":[{\"@type\":\"SearchAction\",\"target\":{\"@type\":\"EntryPoint\",\"urlTemplate\":\"https:\/\/www.romain-claron.fr\/?s={search_term_string}\"},\"query-input\":\"required name=search_term_string\"}],\"inLanguage\":\"en-US\"},{\"@type\":\"ImageObject\",\"@id\":\"https:\/\/www.romain-claron.fr\/index.php\/trench-and-coat\/#primaryimage\",\"inLanguage\":\"en-US\",\"url\":\"http:\/\/www.romain-claron.fr\/wp-content\/uploads\/2021\/07\/trait.jpg\",\"contentUrl\":\"http:\/\/www.romain-claron.fr\/wp-content\/uploads\/2021\/07\/trait.jpg\"},{\"@type\":\"WebPage\",\"@id\":\"https:\/\/www.romain-claron.fr\/index.php\/trench-and-coat\/#webpage\",\"url\":\"https:\/\/www.romain-claron.fr\/index.php\/trench-and-coat\/\",\"name\":\"TRENCH AND COAT -\",\"isPartOf\":{\"@id\":\"https:\/\/www.romain-claron.fr\/#website\"},\"primaryImageOfPage\":{\"@id\":\"https:\/\/www.romain-claron.fr\/index.php\/trench-and-coat\/#primaryimage\"},\"datePublished\":\"2021-07-29T19:58:54+00:00\",\"dateModified\":\"2021-07-29T19:59:45+00:00\",\"breadcrumb\":{\"@id\":\"https:\/\/www.romain-claron.fr\/index.php\/trench-and-coat\/#breadcrumb\"},\"inLanguage\":\"en-US\",\"potentialAction\":[{\"@type\":\"ReadAction\",\"target\":[\"https:\/\/www.romain-claron.fr\/index.php\/trench-and-coat\/\"]}]},{\"@type\":\"BreadcrumbList\",\"@id\":\"https:\/\/www.romain-claron.fr\/index.php\/trench-and-coat\/#breadcrumb\",\"itemListElement\":[{\"@type\":\"ListItem\",\"position\":1,\"name\":\"Home\",\"item\":\"https:\/\/www.romain-claron.fr\/\"},{\"@type\":\"ListItem\",\"position\":2,\"name\":\"TRENCH AND COAT\"}]}]}<\/script>\n<!-- \/ Yoast SEO plugin. -->","yoast_head_json":{"title":"TRENCH AND COAT -","robots":{"index":"index","follow":"follow","max-snippet":"max-snippet:-1","max-image-preview":"max-image-preview:large","max-video-preview":"max-video-preview:-1"},"canonical":"https:\/\/www.romain-claron.fr\/index.php\/trench-and-coat\/","og_locale":"en_US","og_type":"article","og_title":"TRENCH AND COAT -","og_description":"[vc_row][vc_column width=&#8221;1\/3&#8243;][vc_column_text] TRENCH AND COAT [\/vc_column_text][\/vc_column][vc_column column_width_percent=&#8221;100&#8243; gutter_size=&#8221;3&#8243; style=&#8221;light&#8221; overlay_alpha=&#8221;50&#8243; shift_x=&#8221;0&#8243; shift_y=&#8221;0&#8243; shift_y_down=&#8221;0&#8243; z_index=&#8221;0&#8243; medium_width=&#8221;0&#8243; mobile_width=&#8221;0&#8243; width=&#8221;2\/3&#8243;][vc_column_text]Trench and Coat s\u2019appuie [&hellip;]","og_url":"https:\/\/www.romain-claron.fr\/index.php\/trench-and-coat\/","article_modified_time":"2021-07-29T19:59:45+00:00","og_image":[{"url":"http:\/\/www.romain-claron.fr\/wp-content\/uploads\/2021\/07\/trait.jpg"}],"twitter_card":"summary_large_image","twitter_misc":{"Est. reading time":"2 minutes"},"schema":{"@context":"https:\/\/schema.org","@graph":[{"@type":"WebSite","@id":"https:\/\/www.romain-claron.fr\/#website","url":"https:\/\/www.romain-claron.fr\/","name":"","description":"","potentialAction":[{"@type":"SearchAction","target":{"@type":"EntryPoint","urlTemplate":"https:\/\/www.romain-claron.fr\/?s={search_term_string}"},"query-input":"required name=search_term_string"}],"inLanguage":"en-US"},{"@type":"ImageObject","@id":"https:\/\/www.romain-claron.fr\/index.php\/trench-and-coat\/#primaryimage","inLanguage":"en-US","url":"http:\/\/www.romain-claron.fr\/wp-content\/uploads\/2021\/07\/trait.jpg","contentUrl":"http:\/\/www.romain-claron.fr\/wp-content\/uploads\/2021\/07\/trait.jpg"},{"@type":"WebPage","@id":"https:\/\/www.romain-claron.fr\/index.php\/trench-and-coat\/#webpage","url":"https:\/\/www.romain-claron.fr\/index.php\/trench-and-coat\/","name":"TRENCH AND COAT -","isPartOf":{"@id":"https:\/\/www.romain-claron.fr\/#website"},"primaryImageOfPage":{"@id":"https:\/\/www.romain-claron.fr\/index.php\/trench-and-coat\/#primaryimage"},"datePublished":"2021-07-29T19:58:54+00:00","dateModified":"2021-07-29T19:59:45+00:00","breadcrumb":{"@id":"https:\/\/www.romain-claron.fr\/index.php\/trench-and-coat\/#breadcrumb"},"inLanguage":"en-US","potentialAction":[{"@type":"ReadAction","target":["https:\/\/www.romain-claron.fr\/index.php\/trench-and-coat\/"]}]},{"@type":"BreadcrumbList","@id":"https:\/\/www.romain-claron.fr\/index.php\/trench-and-coat\/#breadcrumb","itemListElement":[{"@type":"ListItem","position":1,"name":"Home","item":"https:\/\/www.romain-claron.fr\/"},{"@type":"ListItem","position":2,"name":"TRENCH AND COAT"}]}]}},"_links":{"self":[{"href":"https:\/\/www.romain-claron.fr\/index.php\/wp-json\/wp\/v2\/pages\/85216"}],"collection":[{"href":"https:\/\/www.romain-claron.fr\/index.php\/wp-json\/wp\/v2\/pages"}],"about":[{"href":"https:\/\/www.romain-claron.fr\/index.php\/wp-json\/wp\/v2\/types\/page"}],"author":[{"embeddable":true,"href":"https:\/\/www.romain-claron.fr\/index.php\/wp-json\/wp\/v2\/users\/1"}],"replies":[{"embeddable":true,"href":"https:\/\/www.romain-claron.fr\/index.php\/wp-json\/wp\/v2\/comments?post=85216"}],"version-history":[{"count":2,"href":"https:\/\/www.romain-claron.fr\/index.php\/wp-json\/wp\/v2\/pages\/85216\/revisions"}],"predecessor-version":[{"id":85248,"href":"https:\/\/www.romain-claron.fr\/index.php\/wp-json\/wp\/v2\/pages\/85216\/revisions\/85248"}],"wp:attachment":[{"href":"https:\/\/www.romain-claron.fr\/index.php\/wp-json\/wp\/v2\/media?parent=85216"}],"curies":[{"name":"wp","href":"https:\/\/api.w.org\/{rel}","templated":true}]}}